{"id":667,"date":"2021-09-21T23:33:52","date_gmt":"2021-09-21T23:33:52","guid":{"rendered":"https:\/\/ixeia.global\/?page_id=667"},"modified":"2021-10-22T09:54:16","modified_gmt":"2021-10-22T09:54:16","slug":"que-hacemos","status":"publish","type":"page","link":"https:\/\/ixeia.global\/index.php\/home\/que-hacemos\/","title":{"rendered":"Qu\u00e9 hacemos"},"content":{"rendered":"\t\t<div data-elementor-type=\"wp-page\" data-elementor-id=\"667\" class=\"elementor elementor-667\" data-elementor-settings=\"{&quot;ha_cmc_init_switcher&quot;:&quot;no&quot;}\" data-elementor-post-type=\"page\">\n\t\t\t\t\t\t<section class=\"elementor-section elementor-top-section elementor-element elementor-element-f2c271b elementor-section-full_width elementor-section-height-min-height elementor-section-content-middle elementor-section-items-bottom elementor-section-height-default\" data-id=\"f2c271b\" data-element_type=\"section\" data-e-type=\"section\" data-settings=\"{&quot;background_background&quot;:&quot;classic&quot;,&quot;_ha_eqh_enable&quot;:false}\">\n\t\t\t\t\t\t\t<div class=\"elementor-background-overlay\"><\/div>\n\t\t\t\t\t\t\t<div class=\"elementor-container elementor-column-gap-default\">\n\t\t\t\t\t<div class=\"elementor-column elementor-col-100 elementor-top-column elementor-element elementor-element-728269cd\" data-id=\"728269cd\" data-element_type=\"column\" data-e-type=\"column\">\n\t\t\t<div class=\"elementor-widget-wrap elementor-element-populated\">\n\t\t\t\t\t\t<div class=\"elementor-element elementor-element-4b3a4673 elementor--h-position-center elementor--v-position-middle elementor-arrows-position-inside elementor-widget elementor-widget-slides\" data-id=\"4b3a4673\" data-element_type=\"widget\" data-e-type=\"widget\" data-settings=\"{&quot;navigation&quot;:&quot;arrows&quot;,&quot;transition&quot;:&quot;fade&quot;,&quot;transition_speed&quot;:250,&quot;autoplay&quot;:&quot;yes&quot;,&quot;pause_on_interaction&quot;:&quot;yes&quot;,&quot;autoplay_speed&quot;:5000,&quot;infinite&quot;:&quot;yes&quot;}\" data-widget_type=\"slides.default\">\n\t\t\t\t<div class=\"elementor-widget-container\">\n\t\t\t\t\t\t\t\t\t<div class=\"elementor-swiper\">\n\t\t\t\t\t<div class=\"elementor-slides-wrapper elementor-main-swiper swiper\" role=\"region\" aria-roledescription=\"carousel\" aria-label=\"Diapositivas\" dir=\"ltr\" data-animation=\"fadeInUp\">\n\t\t\t\t<div class=\"swiper-wrapper elementor-slides\">\n\t\t\t\t\t\t\t\t\t\t<div class=\"elementor-repeater-item-6336cc9 swiper-slide\" role=\"group\" aria-roledescription=\"slide\"><div class=\"swiper-slide-bg\"><\/div><div class=\"swiper-slide-inner\" ><div class=\"swiper-slide-contents\"><div class=\"elementor-slide-heading\">Qu\u00e9 hacemos<\/div><\/div><\/div><\/div>\t\t\t\t<\/div>\n\t\t\t\t\t\t\t<\/div>\n\t\t\t\t<\/div>\n\t\t\t\t\t\t\t\t<\/div>\n\t\t\t\t<\/div>\n\t\t\t\t\t<\/div>\n\t\t<\/div>\n\t\t\t\t\t<\/div>\n\t\t<\/section>\n\t\t\t\t<section class=\"elementor-section elementor-top-section elementor-element elementor-element-abe0652 elementor-section-boxed elementor-section-height-default elementor-section-height-default\" data-id=\"abe0652\" data-element_type=\"section\" data-e-type=\"section\" data-settings=\"{&quot;_ha_eqh_enable&quot;:false}\">\n\t\t\t\t\t\t<div class=\"elementor-container elementor-column-gap-default\">\n\t\t\t\t\t<div class=\"elementor-column elementor-col-33 elementor-top-column elementor-element elementor-element-b39e259\" data-id=\"b39e259\" data-element_type=\"column\" data-e-type=\"column\">\n\t\t\t<div class=\"elementor-widget-wrap elementor-element-populated\">\n\t\t\t\t\t\t<section class=\"elementor-section elementor-inner-section elementor-element elementor-element-13ff642 elementor-section-height-min-height elementor-section-boxed elementor-section-height-default\" data-id=\"13ff642\" data-element_type=\"section\" data-e-type=\"section\" data-settings=\"{&quot;_ha_eqh_enable&quot;:false}\">\n\t\t\t\t\t\t<div class=\"elementor-container elementor-column-gap-default\">\n\t\t\t\t\t<div class=\"elementor-column elementor-col-100 elementor-inner-column elementor-element elementor-element-0bec64a\" data-id=\"0bec64a\" data-element_type=\"column\" data-e-type=\"column\">\n\t\t\t<div class=\"elementor-widget-wrap elementor-element-populated\">\n\t\t\t\t\t\t<div class=\"elementor-element elementor-element-92f8b51 elementor-view-framed elementor-shape-circle elementor-widget elementor-widget-icon\" data-id=\"92f8b51\" data-element_type=\"widget\" data-e-type=\"widget\" data-widget_type=\"icon.default\">\n\t\t\t\t<div class=\"elementor-widget-container\">\n\t\t\t\t\t\t\t<div class=\"elementor-icon-wrapper\">\n\t\t\t<div class=\"elementor-icon\">\n\t\t\t<i aria-hidden=\"true\" class=\"fas fa-handshake\"><\/i>\t\t\t<\/div>\n\t\t<\/div>\n\t\t\t\t\t\t<\/div>\n\t\t\t\t<\/div>\n\t\t\t\t<div class=\"elementor-element elementor-element-c52a8cb elementor-widget elementor-widget-heading\" data-id=\"c52a8cb\" data-element_type=\"widget\" data-e-type=\"widget\" data-widget_type=\"heading.default\">\n\t\t\t\t<div class=\"elementor-widget-container\">\n\t\t\t\t\t<h3 class=\"elementor-heading-title elementor-size-default\">Deal Advisory\u200b<\/h3>\t\t\t\t<\/div>\n\t\t\t\t<\/div>\n\t\t\t\t<div class=\"elementor-element elementor-element-0737b6a elementor-widget elementor-widget-heading\" data-id=\"0737b6a\" data-element_type=\"widget\" data-e-type=\"widget\" data-widget_type=\"heading.default\">\n\t\t\t\t<div class=\"elementor-widget-container\">\n\t\t\t\t\t<div class=\"elementor-heading-title elementor-size-default\">Dirigido a firmas de Private Equity y Holdings\u200b<\/div>\t\t\t\t<\/div>\n\t\t\t\t<\/div>\n\t\t\t\t\t<\/div>\n\t\t<\/div>\n\t\t\t\t\t<\/div>\n\t\t<\/section>\n\t\t\t\t<section class=\"elementor-section elementor-inner-section elementor-element elementor-element-eeafcb1 elementor-section-height-min-height elementor-section-boxed elementor-section-height-default\" data-id=\"eeafcb1\" data-element_type=\"section\" data-e-type=\"section\" data-settings=\"{&quot;_ha_eqh_enable&quot;:false}\">\n\t\t\t\t\t\t<div class=\"elementor-container elementor-column-gap-default\">\n\t\t\t\t\t<div class=\"elementor-column elementor-col-100 elementor-inner-column elementor-element elementor-element-81fce64\" data-id=\"81fce64\" data-element_type=\"column\" data-e-type=\"column\">\n\t\t\t<div class=\"elementor-widget-wrap elementor-element-populated\">\n\t\t\t\t\t\t<div class=\"elementor-element elementor-element-03e2f6d elementor-widget elementor-widget-text-editor\" data-id=\"03e2f6d\" data-element_type=\"widget\" data-e-type=\"widget\" data-widget_type=\"text-editor.default\">\n\t\t\t\t<div class=\"elementor-widget-container\">\n\t\t\t\t\t\t\t\t\t<p>Acompa\u00f1amos en todo el ciclo de inversion<\/p>\t\t\t\t\t\t\t\t<\/div>\n\t\t\t\t<\/div>\n\t\t\t\t\t<\/div>\n\t\t<\/div>\n\t\t\t\t\t<\/div>\n\t\t<\/section>\n\t\t\t\t<div class=\"elementor-element elementor-element-5896a2f ha-content--column ha-align--flex-start ha-icon--row elementor-widget elementor-widget-ha-feature-list happy-addon ha-feature-list happy-addon-pro\" data-id=\"5896a2f\" data-element_type=\"widget\" data-e-type=\"widget\" data-widget_type=\"ha-feature-list.default\">\n\t\t\t\t<div class=\"elementor-widget-container\">\n\t\t\t\t\t\n        <ul class=\"ha-feature-list-wrap\">\n                            <li class=\"ha-list-item\">\n                                            <div class=\"ha-content\">\n                    \n\t\t\t\t\t\t                            <div class=\"ha-icon icon\">\n\t\t\t\t\t\t\t\t<i aria-hidden=\"true\" class=\"fas fa-check\"><\/i>                            <\/div>\n                        \n                        <div class=\"ha-text\">\n                            B\u00fasqueda de potenciales targets                        <\/div>\n\n                                        <\/div>\n                                    <\/li>\n                            <li class=\"ha-list-item\">\n                                            <div class=\"ha-content\">\n                    \n\t\t\t\t\t\t                            <div class=\"ha-icon icon\">\n\t\t\t\t\t\t\t\t<i aria-hidden=\"true\" class=\"fas fa-check\"><\/i>                            <\/div>\n                        \n                        <div class=\"ha-text\">\n                            Due Diligence Comercial                        <\/div>\n\n                                        <\/div>\n                                    <\/li>\n                            <li class=\"ha-list-item\">\n                                            <div class=\"ha-content\">\n                    \n\t\t\t\t\t\t                            <div class=\"ha-icon icon\">\n\t\t\t\t\t\t\t\t<i aria-hidden=\"true\" class=\"fas fa-check\"><\/i>                            <\/div>\n                        \n                        <div class=\"ha-text\">\n                            Integraciones                        <\/div>\n\n                                        <\/div>\n                                    <\/li>\n                            <li class=\"ha-list-item\">\n                                            <div class=\"ha-content\">\n                    \n\t\t\t\t\t\t                            <div class=\"ha-icon icon\">\n\t\t\t\t\t\t\t\t<i aria-hidden=\"true\" class=\"fas fa-check\"><\/i>                            <\/div>\n                        \n                        <div class=\"ha-text\">\n                            Planes Estrat\u00e9gicos                        <\/div>\n\n                                        <\/div>\n                                    <\/li>\n                            <li class=\"ha-list-item\">\n                                            <div class=\"ha-content\">\n                    \n\t\t\t\t\t\t                            <div class=\"ha-icon icon\">\n\t\t\t\t\t\t\t\t<i aria-hidden=\"true\" class=\"fas fa-check\"><\/i>                            <\/div>\n                        \n                        <div class=\"ha-text\">\n                            Estrategia de venta                        <\/div>\n\n                                        <\/div>\n                                    <\/li>\n                    <\/ul>\n\n        \t\t\t\t<\/div>\n\t\t\t\t<\/div>\n\t\t\t\t\t<\/div>\n\t\t<\/div>\n\t\t\t\t<div class=\"elementor-column elementor-col-33 elementor-top-column elementor-element elementor-element-585670d\" data-id=\"585670d\" data-element_type=\"column\" data-e-type=\"column\">\n\t\t\t<div class=\"elementor-widget-wrap elementor-element-populated\">\n\t\t\t\t\t\t<section class=\"elementor-section elementor-inner-section elementor-element elementor-element-9a1611e elementor-section-height-min-height elementor-section-boxed elementor-section-height-default\" data-id=\"9a1611e\" data-element_type=\"section\" data-e-type=\"section\" data-settings=\"{&quot;_ha_eqh_enable&quot;:false}\">\n\t\t\t\t\t\t<div class=\"elementor-container elementor-column-gap-default\">\n\t\t\t\t\t<div class=\"elementor-column elementor-col-100 elementor-inner-column elementor-element elementor-element-83cc6de\" data-id=\"83cc6de\" data-element_type=\"column\" data-e-type=\"column\">\n\t\t\t<div class=\"elementor-widget-wrap elementor-element-populated\">\n\t\t\t\t\t\t<div class=\"elementor-element elementor-element-30f8710b elementor-view-framed elementor-shape-circle elementor-widget elementor-widget-icon\" data-id=\"30f8710b\" data-element_type=\"widget\" data-e-type=\"widget\" data-widget_type=\"icon.default\">\n\t\t\t\t<div class=\"elementor-widget-container\">\n\t\t\t\t\t\t\t<div class=\"elementor-icon-wrapper\">\n\t\t\t<div class=\"elementor-icon\">\n\t\t\t<i aria-hidden=\"true\" class=\"fas fa-chart-line\"><\/i>\t\t\t<\/div>\n\t\t<\/div>\n\t\t\t\t\t\t<\/div>\n\t\t\t\t<\/div>\n\t\t\t\t<div class=\"elementor-element elementor-element-4f892b5 elementor-widget elementor-widget-heading\" data-id=\"4f892b5\" data-element_type=\"widget\" data-e-type=\"widget\" data-widget_type=\"heading.default\">\n\t\t\t\t<div class=\"elementor-widget-container\">\n\t\t\t\t\t<h3 class=\"elementor-heading-title elementor-size-default\">Growth Advisory<\/h3>\t\t\t\t<\/div>\n\t\t\t\t<\/div>\n\t\t\t\t<div class=\"elementor-element elementor-element-86bcdf5 elementor-widget elementor-widget-heading\" data-id=\"86bcdf5\" data-element_type=\"widget\" data-e-type=\"widget\" data-widget_type=\"heading.default\">\n\t\t\t\t<div class=\"elementor-widget-container\">\n\t\t\t\t\t<div class=\"elementor-heading-title elementor-size-default\">Dirigido a compa\u00f1\u00edas con objetivos de alto crecimiento\n<\/div>\t\t\t\t<\/div>\n\t\t\t\t<\/div>\n\t\t\t\t\t<\/div>\n\t\t<\/div>\n\t\t\t\t\t<\/div>\n\t\t<\/section>\n\t\t\t\t<section class=\"elementor-section elementor-inner-section elementor-element elementor-element-94b94f7 elementor-section-height-min-height elementor-section-boxed elementor-section-height-default\" data-id=\"94b94f7\" data-element_type=\"section\" data-e-type=\"section\" data-settings=\"{&quot;_ha_eqh_enable&quot;:false}\">\n\t\t\t\t\t\t<div class=\"elementor-container elementor-column-gap-default\">\n\t\t\t\t\t<div class=\"elementor-column elementor-col-100 elementor-inner-column elementor-element elementor-element-ff770a8\" data-id=\"ff770a8\" data-element_type=\"column\" data-e-type=\"column\">\n\t\t\t<div class=\"elementor-widget-wrap elementor-element-populated\">\n\t\t\t\t\t\t<div class=\"elementor-element elementor-element-8ad5cb9 elementor-widget elementor-widget-text-editor\" data-id=\"8ad5cb9\" data-element_type=\"widget\" data-e-type=\"widget\" data-widget_type=\"text-editor.default\">\n\t\t\t\t<div class=\"elementor-widget-container\">\n\t\t\t\t\t\t\t\t\t<p>Dise\u00f1amos y acompa\u00f1amos la implementaci\u00f3n de planes estrat\u00e9gicos y de los principales proyectos de crecimiento<\/p>\t\t\t\t\t\t\t\t<\/div>\n\t\t\t\t<\/div>\n\t\t\t\t\t<\/div>\n\t\t<\/div>\n\t\t\t\t\t<\/div>\n\t\t<\/section>\n\t\t\t\t<div class=\"elementor-element elementor-element-9deb54e ha-content--column ha-align--flex-start ha-icon--row elementor-widget elementor-widget-ha-feature-list happy-addon ha-feature-list happy-addon-pro\" data-id=\"9deb54e\" data-element_type=\"widget\" data-e-type=\"widget\" data-widget_type=\"ha-feature-list.default\">\n\t\t\t\t<div class=\"elementor-widget-container\">\n\t\t\t\t\t\n        <ul class=\"ha-feature-list-wrap\">\n                            <li class=\"ha-list-item\">\n                                            <div class=\"ha-content\">\n                    \n\t\t\t\t\t\t                            <div class=\"ha-icon icon\">\n\t\t\t\t\t\t\t\t<i aria-hidden=\"true\" class=\"fas fa-check\"><\/i>                            <\/div>\n                        \n                        <div class=\"ha-text\">\n                            Planes Estrat\u00e9gicos                        <\/div>\n\n                                        <\/div>\n                                    <\/li>\n                            <li class=\"ha-list-item\">\n                                            <div class=\"ha-content\">\n                    \n\t\t\t\t\t\t                            <div class=\"ha-icon icon\">\n\t\t\t\t\t\t\t\t<i aria-hidden=\"true\" class=\"fas fa-check\"><\/i>                            <\/div>\n                        \n                        <div class=\"ha-text\">\n                            Estrategia de portfolio                        <\/div>\n\n                                        <\/div>\n                                    <\/li>\n                            <li class=\"ha-list-item\">\n                                            <div class=\"ha-content\">\n                    \n\t\t\t\t\t\t                            <div class=\"ha-icon icon\">\n\t\t\t\t\t\t\t\t<i aria-hidden=\"true\" class=\"fas fa-check\"><\/i>                            <\/div>\n                        \n                        <div class=\"ha-text\">\n                            Expansi\u00f3n internacional                        <\/div>\n\n                                        <\/div>\n                                    <\/li>\n                            <li class=\"ha-list-item\">\n                                            <div class=\"ha-content\">\n                    \n\t\t\t\t\t\t                            <div class=\"ha-icon icon\">\n\t\t\t\t\t\t\t\t<i aria-hidden=\"true\" class=\"fas fa-check\"><\/i>                            <\/div>\n                        \n                        <div class=\"ha-text\">\n                            Nuevas categor\u00edas y servicios                        <\/div>\n\n                                        <\/div>\n                                    <\/li>\n                            <li class=\"ha-list-item\">\n                                            <div class=\"ha-content\">\n                    \n\t\t\t\t\t\t                            <div class=\"ha-icon icon\">\n\t\t\t\t\t\t\t\t<i aria-hidden=\"true\" class=\"fas fa-check\"><\/i>                            <\/div>\n                        \n                        <div class=\"ha-text\">\n                            Nuevos modelos de negocio                        <\/div>\n\n                                        <\/div>\n                                    <\/li>\n                            <li class=\"ha-list-item\">\n                                            <div class=\"ha-content\">\n                    \n\t\t\t\t\t\t                            <div class=\"ha-icon icon\">\n\t\t\t\t\t\t\t\t<i aria-hidden=\"true\" class=\"fas fa-check\"><\/i>                            <\/div>\n                        \n                        <div class=\"ha-text\">\n                            Excelencia comercial                        <\/div>\n\n                                        <\/div>\n                                    <\/li>\n                    <\/ul>\n\n        \t\t\t\t<\/div>\n\t\t\t\t<\/div>\n\t\t\t\t\t<\/div>\n\t\t<\/div>\n\t\t\t\t<div class=\"elementor-column elementor-col-33 elementor-top-column elementor-element elementor-element-89d47c0\" data-id=\"89d47c0\" data-element_type=\"column\" data-e-type=\"column\">\n\t\t\t<div class=\"elementor-widget-wrap elementor-element-populated\">\n\t\t\t\t\t\t<section class=\"elementor-section elementor-inner-section elementor-element elementor-element-9daa358 elementor-section-height-min-height elementor-section-boxed elementor-section-height-default\" data-id=\"9daa358\" data-element_type=\"section\" data-e-type=\"section\" data-settings=\"{&quot;_ha_eqh_enable&quot;:false}\">\n\t\t\t\t\t\t<div class=\"elementor-container elementor-column-gap-default\">\n\t\t\t\t\t<div class=\"elementor-column elementor-col-100 elementor-inner-column elementor-element elementor-element-0661f17\" data-id=\"0661f17\" data-element_type=\"column\" data-e-type=\"column\">\n\t\t\t<div class=\"elementor-widget-wrap elementor-element-populated\">\n\t\t\t\t\t\t<div class=\"elementor-element elementor-element-d3fd2ed elementor-view-framed elementor-shape-circle elementor-widget elementor-widget-icon\" data-id=\"d3fd2ed\" data-element_type=\"widget\" data-e-type=\"widget\" data-widget_type=\"icon.default\">\n\t\t\t\t<div class=\"elementor-widget-container\">\n\t\t\t\t\t\t\t<div class=\"elementor-icon-wrapper\">\n\t\t\t<div class=\"elementor-icon\">\n\t\t\t<i aria-hidden=\"true\" class=\"fas fa-rocket\"><\/i>\t\t\t<\/div>\n\t\t<\/div>\n\t\t\t\t\t\t<\/div>\n\t\t\t\t<\/div>\n\t\t\t\t<div class=\"elementor-element elementor-element-50217f6 elementor-widget elementor-widget-heading\" data-id=\"50217f6\" data-element_type=\"widget\" data-e-type=\"widget\" data-widget_type=\"heading.default\">\n\t\t\t\t<div class=\"elementor-widget-container\">\n\t\t\t\t\t<h3 class=\"elementor-heading-title elementor-size-default\">Investment\u200b<\/h3>\t\t\t\t<\/div>\n\t\t\t\t<\/div>\n\t\t\t\t<div class=\"elementor-element elementor-element-d9cd854 elementor-widget elementor-widget-heading\" data-id=\"d9cd854\" data-element_type=\"widget\" data-e-type=\"widget\" data-widget_type=\"heading.default\">\n\t\t\t\t<div class=\"elementor-widget-container\">\n\t\t\t\t\t<div class=\"elementor-heading-title elementor-size-default\">Dirigido a start-ups\u200b<\/div>\t\t\t\t<\/div>\n\t\t\t\t<\/div>\n\t\t\t\t\t<\/div>\n\t\t<\/div>\n\t\t\t\t\t<\/div>\n\t\t<\/section>\n\t\t\t\t<section class=\"elementor-section elementor-inner-section elementor-element elementor-element-895af23 elementor-section-height-min-height elementor-section-boxed elementor-section-height-default\" data-id=\"895af23\" data-element_type=\"section\" data-e-type=\"section\" data-settings=\"{&quot;_ha_eqh_enable&quot;:false}\">\n\t\t\t\t\t\t<div class=\"elementor-container elementor-column-gap-default\">\n\t\t\t\t\t<div class=\"elementor-column elementor-col-100 elementor-inner-column elementor-element elementor-element-5e0d3ba\" data-id=\"5e0d3ba\" data-element_type=\"column\" data-e-type=\"column\">\n\t\t\t<div class=\"elementor-widget-wrap elementor-element-populated\">\n\t\t\t\t\t\t<div class=\"elementor-element elementor-element-91045a8 elementor-widget elementor-widget-text-editor\" data-id=\"91045a8\" data-element_type=\"widget\" data-e-type=\"widget\" data-widget_type=\"text-editor.default\">\n\t\t\t\t<div class=\"elementor-widget-container\">\n\t\t\t\t\t\t\t\t\t<p>Invertimos en compa\u00f1\u00edas en fase temprana donde, adem\u00e1s de fondos, aportamos nuestra experiencia para acompa\u00f1arlas en su crecimiento<\/p>\t\t\t\t\t\t\t\t<\/div>\n\t\t\t\t<\/div>\n\t\t\t\t\t<\/div>\n\t\t<\/div>\n\t\t\t\t\t<\/div>\n\t\t<\/section>\n\t\t\t\t\t<\/div>\n\t\t<\/div>\n\t\t\t\t\t<\/div>\n\t\t<\/section>\n\t\t\t\t<section class=\"elementor-section elementor-top-section elementor-element elementor-element-421094b elementor-section-boxed elementor-section-height-default elementor-section-height-default\" data-id=\"421094b\" data-element_type=\"section\" data-e-type=\"section\" data-settings=\"{&quot;_ha_eqh_enable&quot;:false}\">\n\t\t\t\t\t\t<div class=\"elementor-container elementor-column-gap-default\">\n\t\t\t\t\t<div class=\"elementor-column elementor-col-100 elementor-top-column elementor-element elementor-element-79ebea9\" data-id=\"79ebea9\" data-element_type=\"column\" data-e-type=\"column\">\n\t\t\t<div class=\"elementor-widget-wrap elementor-element-populated\">\n\t\t\t\t\t\t<div class=\"elementor-element elementor-element-dd05bdd elementor-align-center elementor-mobile-align-center elementor-widget elementor-widget-button\" data-id=\"dd05bdd\" data-element_type=\"widget\" data-e-type=\"widget\" data-widget_type=\"button.default\">\n\t\t\t\t<div class=\"elementor-widget-container\">\n\t\t\t\t\t\t\t\t\t<div class=\"elementor-button-wrapper\">\n\t\t\t\t\t<a class=\"elementor-button elementor-button-link elementor-size-sm\" href=\"https:\/\/ixeia.global\/index.php\/como-trabajamos\/\">\n\t\t\t\t\t\t<span class=\"elementor-button-content-wrapper\">\n\t\t\t\t\t\t\t\t\t<span class=\"elementor-button-text\">Leer sobre c\u00f3mo trabajamos<\/span>\n\t\t\t\t\t<\/span>\n\t\t\t\t\t<\/a>\n\t\t\t\t<\/div>\n\t\t\t\t\t\t\t\t<\/div>\n\t\t\t\t<\/div>\n\t\t\t\t\t<\/div>\n\t\t<\/div>\n\t\t\t\t\t<\/div>\n\t\t<\/section>\n\t\t\t\t<\/div>\n\t\t","protected":false},"excerpt":{"rendered":"<p>Qu\u00e9 hacemos Deal Advisory\u200b Dirigido a firmas de Private Equity y Holdings\u200b Acompa\u00f1amos en todo el ciclo de inversion B\u00fasqueda de potenciales targets Due Diligence Comercial Integraciones Planes Estrat\u00e9gicos Estrategia de venta Growth Advisory Dirigido a compa\u00f1\u00edas con objetivos de alto crecimiento Dise\u00f1amos y acompa\u00f1amos la implementaci\u00f3n de planes estrat\u00e9gicos y de los principales proyectos [&hellip;]<\/p>\n","protected":false},"author":1,"featured_media":0,"parent":398,"menu_order":0,"comment_status":"closed","ping_status":"closed","template":"elementor_header_footer","meta":{"footnotes":""},"class_list":["post-667","page","type-page","status-publish","hentry"],"_links":{"self":[{"href":"https:\/\/ixeia.global\/index.php\/wp-json\/wp\/v2\/pages\/667","targetHints":{"allow":["GET"]}}],"collection":[{"href":"https:\/\/ixeia.global\/index.php\/wp-json\/wp\/v2\/pages"}],"about":[{"href":"https:\/\/ixeia.global\/index.php\/wp-json\/wp\/v2\/types\/page"}],"author":[{"embeddable":true,"href":"https:\/\/ixeia.global\/index.php\/wp-json\/wp\/v2\/users\/1"}],"replies":[{"embeddable":true,"href":"https:\/\/ixeia.global\/index.php\/wp-json\/wp\/v2\/comments?post=667"}],"version-history":[{"count":95,"href":"https:\/\/ixeia.global\/index.php\/wp-json\/wp\/v2\/pages\/667\/revisions"}],"predecessor-version":[{"id":1304,"href":"https:\/\/ixeia.global\/index.php\/wp-json\/wp\/v2\/pages\/667\/revisions\/1304"}],"up":[{"embeddable":true,"href":"https:\/\/ixeia.global\/index.php\/wp-json\/wp\/v2\/pages\/398"}],"wp:attachment":[{"href":"https:\/\/ixeia.global\/index.php\/wp-json\/wp\/v2\/media?parent=667"}],"curies":[{"name":"wp","href":"https:\/\/api.w.org\/{rel}","templated":true}]}}